{"id":307,"date":"2020-01-13T11:17:52","date_gmt":"2020-01-13T11:17:52","guid":{"rendered":"https:\/\/demosites.io\/web-agency-gb\/?page_id=5"},"modified":"2023-07-12T08:06:08","modified_gmt":"2023-07-12T08:06:08","slug":"home","status":"publish","type":"page","link":"https:\/\/dadogrowth.com\/","title":{"rendered":"Home"},"content":{"rendered":"\t\t<div data-elementor-type=\"wp-page\" data-elementor-id=\"307\" class=\"elementor elementor-307\">\n\t\t\t\t\t\t\t\t\t<section class=\"elementor-section elementor-top-section elementor-element elementor-element-579f18f4 elementor-section-boxed elementor-section-height-default elementor-section-height-default\" data-id=\"579f18f4\" data-element_type=\"section\">\n\t\t\t\t\t\t<div class=\"elementor-container elementor-column-gap-default\">\n\t\t\t\t\t<div class=\"elementor-column elementor-col-100 elementor-top-column elementor-element elementor-element-5ad2c74c\" data-id=\"5ad2c74c\" data-element_type=\"column\">\n\t\t\t<div class=\"elementor-widget-wrap elementor-element-populated\">\n\t\t\t\t\t\t\t\t<div class=\"elementor-element elementor-element-38dcc901 elementor-widget elementor-widget-text-editor\" data-id=\"38dcc901\" data-element_type=\"widget\" data-widget_type=\"text-editor.default\">\n\t\t\t\t<div class=\"elementor-widget-container\">\n\t\t\t<style>\/*! elementor - v3.14.0 - 26-06-2023 *\/\n.elementor-widget-text-editor.elementor-drop-cap-view-stacked .elementor-drop-cap{background-color:#69727d;color:#fff}.elementor-widget-text-editor.elementor-drop-cap-view-framed .elementor-drop-cap{color:#69727d;border:3px solid;background-color:transparent}.elementor-widget-text-editor:not(.elementor-drop-cap-view-default) .elementor-drop-cap{margin-top:8px}.elementor-widget-text-editor:not(.elementor-drop-cap-view-default) .elementor-drop-cap-letter{width:1em;height:1em}.elementor-widget-text-editor .elementor-drop-cap{float:left;text-align:center;line-height:1;font-size:50px}.elementor-widget-text-editor .elementor-drop-cap-letter{display:inline-block}<\/style>\t\t\t\t<p><!-- wp:cover {\"url\":\"http:\/\/dadogrowth.com\/wp-content\/uploads\/2020\/07\/web-design-studio-01.jpg.jpg\",\"id\":109,\"dimRatio\":0,\"focalPoint\":{\"x\":\"0.50\",\"y\":\"0.64\"},\"minHeight\":700,\"isDark\":false,\"align\":\"full\"} --><\/p>\n<div class=\"wp-block-cover alignfull is-light\" style=\"min-height: 700px;\">\n<p><img decoding=\"async\" loading=\"lazy\" width=\"1366\" height=\"768\" class=\"wp-block-cover__image-background wp-image-109\" style=\"object-position: 50% 64%;\" src=\"http:\/\/dadogrowth.com\/wp-content\/uploads\/2020\/07\/web-design-studio-01.jpg.jpg\" alt=\"\" data-object-fit=\"cover\" data-object-position=\"50% 64%\" srcset=\"https:\/\/dadogrowth.com\/wp-content\/uploads\/2020\/07\/web-design-studio-01.jpg.jpg 1366w, https:\/\/dadogrowth.com\/wp-content\/uploads\/2020\/07\/web-design-studio-01.jpg-300x169.jpg 300w\" sizes=\"(max-width: 1366px) 100vw, 1366px\" \/><\/p>\n<div class=\"wp-block-cover__inner-container\">\n<p><!-- wp:spacer {\"height\":\"80px\"} --><\/p>\n<div class=\"wp-block-spacer\" style=\"height: 80px;\" aria-hidden=\"true\">\u00a0<\/div>\n<p><!-- \/wp:spacer -->\n\n<!-- wp:heading {\"textAlign\":\"center\",\"level\":1,\"style\":{\"color\":{\"text\":\"#121212\"}}} --><\/p>\n<h1 class=\"has-text-align-center has-text-color\" style=\"color: #121212;\">Acc\u00e9l\u00e9rez votre succ\u00e8s en ligne<br \/>d\u00e8s aujourd&rsquo;hui<\/h1>\n<p><!-- \/wp:heading -->\n\n<!-- wp:paragraph {\"align\":\"center\",\"style\":{\"typography\":{\"fontSize\":17},\"color\":{\"text\":\"#121212\"}}} --><\/p>\n<p class=\"has-text-align-center has-text-color\" style=\"color: #121212; font-size: 17px;\">Nous mettons en place des strat\u00e9gies innovantes pour augmenter vos ventes, votre visibilit\u00e9 et votre rentabilit\u00e9.<\/p>\n<p><!-- \/wp:paragraph -->\n\n<!-- wp:buttons {\"layout\":{\"type\":\"flex\",\"justifyContent\":\"center\",\"orientation\":\"horizontal\"}} --><\/p>\n<div class=\"wp-block-buttons\">\n<p><!-- wp:button {\"className\":\"is-style-primary\"} --><\/p>\n<center><div class=\"wp-block-button is-style-primary\" style=\"text-align: center;\"><a class=\"wp-block-button__link wp-element-button\" href=\"https:\/\/dadogrowth.com\/web-agency-gb-about-us\/\">EN SAVOIR PLUS<\/a><\/div>\n<p><!-- \/wp:button --><\/center>\n\n<!-- wp:button {\"className\":\"is-style-secondary\"} --><\/p>\n<p><!-- \/wp:button --><\/p>\n<\/div>\n<p><!-- \/wp:buttons -->\n\n<!-- wp:spacer {\"height\":\"80px\"} --><\/p>\n<div class=\"wp-block-spacer\" style=\"height: 80px;\" aria-hidden=\"true\">\u00a0<\/div>\n<p><!-- \/wp:spacer -->\n\n<!-- wp:spacer {\"height\":\"80px\"} --><\/p>\n<div class=\"wp-block-spacer\" style=\"height: 80px;\" aria-hidden=\"true\">\u00a0<\/div>\n<p><!-- \/wp:spacer --><\/p>\n<\/div>\n<\/div>\n<p><!-- \/wp:cover -->\n\n<!-- wp:spacer {\"height\":\"80px\"} --><\/p>\n<div class=\"wp-block-spacer\" style=\"height: 80px;\" aria-hidden=\"true\">\u00a0<\/div>\n<p><!-- \/wp:spacer -->\n\n<!-- wp:columns --><\/p>\n<div class=\"wp-block-columns\">\n<p><!-- wp:column --><\/p>\n<div class=\"wp-block-column\">\n<p><!-- wp:image {\"align\":\"center\",\"id\":20,\"sizeSlug\":\"large\",\"linkDestination\":\"none\",\"className\":\"icon-style is-style-rounded\"} --><\/p>\n<figure class=\"wp-block-image aligncenter size-large icon-style is-style-rounded\"><img decoding=\"async\" loading=\"lazy\" width=\"72\" height=\"72\" class=\"wp-image-20\" title=\"\" src=\"http:\/\/dadogrowth.com\/wp-content\/uploads\/2020\/01\/neve-webdesign-GB-03.png\" alt=\"\" \/><\/figure>\n<p><!-- \/wp:image -->\n\n<!-- wp:spacer {\"height\":\"20px\"} --><\/p>\n<div class=\"wp-block-spacer\" style=\"height: 20px;\" aria-hidden=\"true\">\u00a0<\/div>\n<p><!-- \/wp:spacer -->\n\n<!-- wp:heading {\"level\":3,\"textColor\":\"neve-text-color\",\"className\":\"has-text-align-center\"} --><\/p>\n<h3 class=\"has-text-align-center has-neve-text-color-color has-text-color\">Expertise<\/h3>\n<p><!-- \/wp:heading -->\n\n<!-- wp:paragraph {\"align\":\"center\"} --><\/p>\n<p class=\"has-text-align-center\">Notre \u00e9quipe d&rsquo;experts en marketing poss\u00e8de une vaste exp\u00e9rience dans le domaine, garantissant des strat\u00e9gies efficaces et des r\u00e9sultats tangibles pour nos clients.<\/p>\n<p><!-- \/wp:paragraph -->\n\n<!-- wp:spacer {\"height\":\"20px\"} --><\/p>\n<div class=\"wp-block-spacer\" style=\"height: 20px;\" aria-hidden=\"true\">\u00a0<\/div>\n<p><!-- \/wp:spacer --><\/p>\n<\/div>\n<p><!-- \/wp:column -->\n\n<!-- wp:column --><\/p>\n<div class=\"wp-block-column\">\n<p><!-- wp:image {\"align\":\"center\",\"id\":21,\"sizeSlug\":\"large\",\"linkDestination\":\"none\",\"className\":\"icon-style is-style-rounded\"} --><\/p>\n<figure class=\"wp-block-image aligncenter size-large icon-style is-style-rounded\"><img decoding=\"async\" loading=\"lazy\" width=\"72\" height=\"72\" class=\"wp-image-21\" src=\"http:\/\/dadogrowth.com\/wp-content\/uploads\/2020\/01\/neve-webdesign-GB-04.png\" alt=\"\" \/><\/figure>\n<p><!-- \/wp:image -->\n\n<!-- wp:spacer {\"height\":\"20px\"} --><\/p>\n<div class=\"wp-block-spacer\" style=\"height: 20px;\" aria-hidden=\"true\">\u00a0<\/div>\n<p><!-- \/wp:spacer -->\n\n<!-- wp:heading {\"level\":3,\"textColor\":\"neve-text-color\",\"className\":\"has-text-align-center\"} --><\/p>\n<h3 class=\"has-text-align-center has-neve-text-color-color has-text-color\">Personnalisation<\/h3>\n<p><!-- \/wp:heading -->\n\n<!-- wp:paragraph {\"align\":\"center\"} --><\/p>\n<p class=\"has-text-align-center\">Chaque entreprise est unique. Nos services sont adapt\u00e9s \u00e0 vos objectifs sp\u00e9cifiques et \u00e0 votre public cible.<\/p>\n<p><!-- \/wp:paragraph -->\n\n<!-- wp:spacer {\"height\":\"20px\"} --><\/p>\n<div class=\"wp-block-spacer\" style=\"height: 20px;\" aria-hidden=\"true\">\u00a0<\/div>\n<p><!-- \/wp:spacer --><\/p>\n<\/div>\n<p><!-- \/wp:column -->\n\n<!-- wp:column --><\/p>\n<div class=\"wp-block-column\">\n<p><!-- wp:image {\"align\":\"center\",\"id\":18,\"sizeSlug\":\"large\",\"linkDestination\":\"none\",\"className\":\"icon-style is-style-rounded\"} --><\/p>\n<figure class=\"wp-block-image aligncenter size-large icon-style is-style-rounded\"><img decoding=\"async\" loading=\"lazy\" width=\"72\" height=\"72\" class=\"wp-image-18\" src=\"http:\/\/dadogrowth.com\/wp-content\/uploads\/2020\/01\/neve-webdesign-GB-01.png\" alt=\"\" \/><\/figure>\n<p><!-- \/wp:image -->\n\n<!-- wp:spacer {\"height\":\"20px\"} --><\/p>\n<div class=\"wp-block-spacer\" style=\"height: 20px;\" aria-hidden=\"true\">\u00a0<\/div>\n<p><!-- \/wp:spacer -->\n\n<!-- wp:heading {\"level\":3,\"textColor\":\"neve-text-color\",\"className\":\"has-text-align-center\"} --><\/p>\n<h3 class=\"has-text-align-center has-neve-text-color-color has-text-color\">Innovation<\/h3>\n<p><!-- \/wp:heading -->\n\n<!-- wp:paragraph {\"align\":\"center\"} --><\/p>\n<p class=\"has-text-align-center\">Nous sommes ax\u00e9es sur l&rsquo;innovation et \u00e0 l&rsquo;aff\u00fbt des nouvelles tendances pour offrir \u00e0 nos clients des solutions cr\u00e9atives et novatrices.<\/p>\n<\/div>\n<\/div>\n<p><!-- \/wp:cover --><\/p>\t\t\t\t\t\t<\/div>\n\t\t\t\t<\/div>\n\t\t\t\t\t<\/div>\n\t\t<\/div>\n\t\t\t\t\t\t\t<\/div>\n\t\t<\/section>\n\t\t\t\t<section class=\"elementor-section elementor-top-section elementor-element elementor-element-5b2e455 elementor-section-boxed elementor-section-height-default elementor-section-height-default\" data-id=\"5b2e455\" data-element_type=\"section\">\n\t\t\t\t\t\t<div class=\"elementor-container elementor-column-gap-default\">\n\t\t\t\t\t<div class=\"elementor-column elementor-col-33 elementor-top-column elementor-element elementor-element-a014990\" data-id=\"a014990\" data-element_type=\"column\">\n\t\t\t<div class=\"elementor-widget-wrap elementor-element-populated\">\n\t\t\t\t\t\t\t\t<div class=\"elementor-element elementor-element-e208ac7 elementor-widget elementor-widget-image\" data-id=\"e208ac7\" data-element_type=\"widget\" data-widget_type=\"image.default\">\n\t\t\t\t<div class=\"elementor-widget-container\">\n\t\t\t<style>\/*! elementor - v3.14.0 - 26-06-2023 *\/\n.elementor-widget-image{text-align:center}.elementor-widget-image a{display:inline-block}.elementor-widget-image a img[src$=\".svg\"]{width:48px}.elementor-widget-image img{vertical-align:middle;display:inline-block}<\/style>\t\t\t\t\t\t\t\t\t\t\t\t<img decoding=\"async\" width=\"1024\" height=\"682\" src=\"https:\/\/dadogrowth.com\/wp-content\/uploads\/2023\/07\/todo-lists-g2eb202aa4_1280-1024x682.jpg\" class=\"attachment-large size-large wp-image-321\" alt=\"\" loading=\"lazy\" srcset=\"https:\/\/dadogrowth.com\/wp-content\/uploads\/2023\/07\/todo-lists-g2eb202aa4_1280-1024x682.jpg 1024w, https:\/\/dadogrowth.com\/wp-content\/uploads\/2023\/07\/todo-lists-g2eb202aa4_1280-300x200.jpg 300w, https:\/\/dadogrowth.com\/wp-content\/uploads\/2023\/07\/todo-lists-g2eb202aa4_1280-768x512.jpg 768w, https:\/\/dadogrowth.com\/wp-content\/uploads\/2023\/07\/todo-lists-g2eb202aa4_1280-930x620.jpg 930w, https:\/\/dadogrowth.com\/wp-content\/uploads\/2023\/07\/todo-lists-g2eb202aa4_1280.jpg 1280w\" sizes=\"(max-width: 1024px) 100vw, 1024px\" \/>\t\t\t\t\t\t\t\t\t\t\t\t\t\t\t<\/div>\n\t\t\t\t<\/div>\n\t\t\t\t\t<\/div>\n\t\t<\/div>\n\t\t\t\t<div class=\"elementor-column elementor-col-66 elementor-top-column elementor-element elementor-element-5f9a594\" data-id=\"5f9a594\" data-element_type=\"column\">\n\t\t\t<div class=\"elementor-widget-wrap elementor-element-populated\">\n\t\t\t\t\t\t\t\t<div class=\"elementor-element elementor-element-1f798bc elementor-widget elementor-widget-text-editor\" data-id=\"1f798bc\" data-element_type=\"widget\" data-widget_type=\"text-editor.default\">\n\t\t\t\t<div class=\"elementor-widget-container\">\n\t\t\t\t\t\t\t<ul>\n<li>\n<p><strong>Service de consulting :<\/strong><br \/>R\u00e9solution de probl\u00e8mes et accompagnement vers vos objectifs.<br \/>Optimisation des performances et am\u00e9lioration des r\u00e9sultats. Nous vous aidons \u00e0 cr\u00e9er une strat\u00e9gie bas\u00e9e sur le growth.<\/p>\n<\/li>\n<\/ul>\t\t\t\t\t\t<\/div>\n\t\t\t\t<\/div>\n\t\t\t\t\t<\/div>\n\t\t<\/div>\n\t\t\t\t\t\t\t<\/div>\n\t\t<\/section>\n\t\t\t\t<section class=\"elementor-section elementor-top-section elementor-element elementor-element-580dbcd elementor-section-boxed elementor-section-height-default elementor-section-height-default\" data-id=\"580dbcd\" data-element_type=\"section\">\n\t\t\t\t\t\t<div class=\"elementor-container elementor-column-gap-default\">\n\t\t\t\t\t<div class=\"elementor-column elementor-col-33 elementor-top-column elementor-element elementor-element-89b2f18\" data-id=\"89b2f18\" data-element_type=\"column\">\n\t\t\t<div class=\"elementor-widget-wrap elementor-element-populated\">\n\t\t\t\t\t\t\t\t<div class=\"elementor-element elementor-element-b322495 elementor-widget elementor-widget-image\" data-id=\"b322495\" data-element_type=\"widget\" data-widget_type=\"image.default\">\n\t\t\t\t<div class=\"elementor-widget-container\">\n\t\t\t\t\t\t\t\t\t\t\t\t\t\t\t<img decoding=\"async\" width=\"1024\" height=\"682\" src=\"https:\/\/dadogrowth.com\/wp-content\/uploads\/2023\/07\/instagram-gee9f717bd_1280-1024x682.jpg\" class=\"attachment-large size-large wp-image-323\" alt=\"\" loading=\"lazy\" srcset=\"https:\/\/dadogrowth.com\/wp-content\/uploads\/2023\/07\/instagram-gee9f717bd_1280-1024x682.jpg 1024w, https:\/\/dadogrowth.com\/wp-content\/uploads\/2023\/07\/instagram-gee9f717bd_1280-300x200.jpg 300w, https:\/\/dadogrowth.com\/wp-content\/uploads\/2023\/07\/instagram-gee9f717bd_1280-768x512.jpg 768w, https:\/\/dadogrowth.com\/wp-content\/uploads\/2023\/07\/instagram-gee9f717bd_1280-930x620.jpg 930w, https:\/\/dadogrowth.com\/wp-content\/uploads\/2023\/07\/instagram-gee9f717bd_1280.jpg 1280w\" sizes=\"(max-width: 1024px) 100vw, 1024px\" \/>\t\t\t\t\t\t\t\t\t\t\t\t\t\t\t<\/div>\n\t\t\t\t<\/div>\n\t\t\t\t\t<\/div>\n\t\t<\/div>\n\t\t\t\t<div class=\"elementor-column elementor-col-66 elementor-top-column elementor-element elementor-element-b105f94\" data-id=\"b105f94\" data-element_type=\"column\">\n\t\t\t<div class=\"elementor-widget-wrap elementor-element-populated\">\n\t\t\t\t\t\t\t\t<div class=\"elementor-element elementor-element-22a5440 elementor-widget elementor-widget-text-editor\" data-id=\"22a5440\" data-element_type=\"widget\" data-widget_type=\"text-editor.default\">\n\t\t\t\t<div class=\"elementor-widget-container\">\n\t\t\t\t\t\t\t<ul>\n<li><strong>R\u00e9daction d&rsquo;articles et gestion de blog :<\/strong> Nous produisons des articles de qualit\u00e9 et g\u00e9rons votre blog.<\/li>\n<li><strong>Gestion des r\u00e9seaux sociaux :<\/strong> Nous d\u00e9veloppons votre pr\u00e9sence sur les r\u00e9seaux sociaux avec du contenu attractif.<\/li>\n<li><strong>Cr\u00e9ation et \u00e9dition de vid\u00e9os percutantes :<\/strong> Nous cr\u00e9ons des vid\u00e9os professionnelles et captivantes.<\/li>\n<\/ul>\t\t\t\t\t\t<\/div>\n\t\t\t\t<\/div>\n\t\t\t\t\t<\/div>\n\t\t<\/div>\n\t\t\t\t\t\t\t<\/div>\n\t\t<\/section>\n\t\t\t\t<section class=\"elementor-section elementor-top-section elementor-element elementor-element-50c0a1e elementor-section-boxed elementor-section-height-default elementor-section-height-default\" data-id=\"50c0a1e\" data-element_type=\"section\">\n\t\t\t\t\t\t<div class=\"elementor-container elementor-column-gap-default\">\n\t\t\t\t\t<div class=\"elementor-column elementor-col-33 elementor-top-column elementor-element elementor-element-f988e44\" data-id=\"f988e44\" data-element_type=\"column\">\n\t\t\t<div class=\"elementor-widget-wrap elementor-element-populated\">\n\t\t\t\t\t\t\t\t<div class=\"elementor-element elementor-element-be8f1a4 elementor-widget elementor-widget-image\" data-id=\"be8f1a4\" data-element_type=\"widget\" data-widget_type=\"image.default\">\n\t\t\t\t<div class=\"elementor-widget-container\">\n\t\t\t\t\t\t\t\t\t\t\t\t\t\t\t<img decoding=\"async\" width=\"1024\" height=\"682\" src=\"https:\/\/dadogrowth.com\/wp-content\/uploads\/2023\/07\/digital-marketing-g0c4127821_1280-1024x682.jpg\" class=\"attachment-large size-large wp-image-322\" alt=\"\" loading=\"lazy\" srcset=\"https:\/\/dadogrowth.com\/wp-content\/uploads\/2023\/07\/digital-marketing-g0c4127821_1280-1024x682.jpg 1024w, https:\/\/dadogrowth.com\/wp-content\/uploads\/2023\/07\/digital-marketing-g0c4127821_1280-300x200.jpg 300w, https:\/\/dadogrowth.com\/wp-content\/uploads\/2023\/07\/digital-marketing-g0c4127821_1280-768x512.jpg 768w, https:\/\/dadogrowth.com\/wp-content\/uploads\/2023\/07\/digital-marketing-g0c4127821_1280-930x620.jpg 930w, https:\/\/dadogrowth.com\/wp-content\/uploads\/2023\/07\/digital-marketing-g0c4127821_1280.jpg 1280w\" sizes=\"(max-width: 1024px) 100vw, 1024px\" \/>\t\t\t\t\t\t\t\t\t\t\t\t\t\t\t<\/div>\n\t\t\t\t<\/div>\n\t\t\t\t\t<\/div>\n\t\t<\/div>\n\t\t\t\t<div class=\"elementor-column elementor-col-66 elementor-top-column elementor-element elementor-element-3ed5ab2\" data-id=\"3ed5ab2\" data-element_type=\"column\">\n\t\t\t<div class=\"elementor-widget-wrap elementor-element-populated\">\n\t\t\t\t\t\t\t\t<div class=\"elementor-element elementor-element-de94003 elementor-widget elementor-widget-text-editor\" data-id=\"de94003\" data-element_type=\"widget\" data-widget_type=\"text-editor.default\">\n\t\t\t\t<div class=\"elementor-widget-container\">\n\t\t\t\t\t\t\t<ul>\n<li><strong>Automation marketing :<\/strong> Nous automatisations les processus pour votre site web, e-commerce.<\/li>\n<li><strong>Campagne SEA (publicit\u00e9):<\/strong> Nous g\u00e9rons et mettons en place vos campagnes payantes sur Google Ads, Facebook, Instagram et Tiktok.<\/li>\n<li><strong>E-mail marketing :<\/strong> Cr\u00e9ation d&#8217;emails pour votre business.<\/li><li><b>Cr\u00e9ation de site web :<\/b> Cr\u00e9ation et mise en page de votre site web \/ blog<\/li>\n<\/ul>\t\t\t\t\t\t<\/div>\n\t\t\t\t<\/div>\n\t\t\t\t\t<\/div>\n\t\t<\/div>\n\t\t\t\t\t\t\t<\/div>\n\t\t<\/section>\n\t\t\t\t\t\t\t<\/div>\n\t\t","protected":false},"excerpt":{"rendered":"<p>Innovation Nous sommes ax\u00e9es sur l&rsquo;innovation et \u00e0 l&rsquo;aff\u00fbt des nouvelles tendances pour offrir \u00e0 nos clients des solutions cr\u00e9atives et novatrices. Expertise Notre \u00e9quipe d&rsquo;experts en marketing poss\u00e8de une vaste exp\u00e9rience dans le domaine, garantissant des strat\u00e9gies efficaces et des r\u00e9sultats tangibles pour nos clients. Personnalisation Chaque entreprise est unique. Nos services sont adapt\u00e9s&hellip;&nbsp;<a href=\"https:\/\/dadogrowth.com\/\" class=\"\" rel=\"bookmark\">Lire la suite &raquo;<span class=\"screen-reader-text\">Home<\/span><\/a><\/p>\n","protected":false},"author":1,"featured_media":0,"parent":0,"menu_order":0,"comment_status":"closed","ping_status":"closed","template":"page-templates\/template-pagebuilder-full-width.php","meta":{"neve_meta_sidebar":"default","neve_meta_container":"default","neve_meta_enable_content_width":"on","neve_meta_content_width":100,"neve_meta_title_alignment":"","neve_meta_author_avatar":"","neve_post_elements_order":"","neve_meta_disable_header":"","neve_meta_disable_footer":"","neve_meta_disable_title":"on","_themeisle_gutenberg_block_has_review":false,"_ti_tpc_template_sync":false,"_ti_tpc_template_id":"5udqur826ojgsxrmsxsc"},"_links":{"self":[{"href":"https:\/\/dadogrowth.com\/index.php\/wp-json\/wp\/v2\/pages\/307"}],"collection":[{"href":"https:\/\/dadogrowth.com\/index.php\/wp-json\/wp\/v2\/pages"}],"about":[{"href":"https:\/\/dadogrowth.com\/index.php\/wp-json\/wp\/v2\/types\/page"}],"author":[{"embeddable":true,"href":"https:\/\/dadogrowth.com\/index.php\/wp-json\/wp\/v2\/users\/1"}],"replies":[{"embeddable":true,"href":"https:\/\/dadogrowth.com\/index.php\/wp-json\/wp\/v2\/comments?post=307"}],"version-history":[{"count":25,"href":"https:\/\/dadogrowth.com\/index.php\/wp-json\/wp\/v2\/pages\/307\/revisions"}],"predecessor-version":[{"id":350,"href":"https:\/\/dadogrowth.com\/index.php\/wp-json\/wp\/v2\/pages\/307\/revisions\/350"}],"wp:attachment":[{"href":"https:\/\/dadogrowth.com\/index.php\/wp-json\/wp\/v2\/media?parent=307"}],"curies":[{"name":"wp","href":"https:\/\/api.w.org\/{rel}","templated":true}]}}